{"id":1523,"date":"2022-09-26T14:13:10","date_gmt":"2022-09-26T12:13:10","guid":{"rendered":"https:\/\/rs.good-ideas.be\/?page_id=1523"},"modified":"2022-10-01T23:35:25","modified_gmt":"2022-10-01T21:35:25","slug":"testimonials","status":"publish","type":"page","link":"https:\/\/www.recruitmentsolutions.be\/en\/testimonials\/","title":{"rendered":"Testimonials"},"content":{"rendered":"\t\t<div data-elementor-type=\"wp-page\" data-elementor-id=\"1523\" class=\"elementor elementor-1523 elementor-843\" data-elementor-post-type=\"page\">\n\t\t\t\t\t\t<section class=\"elementor-section elementor-top-section elementor-element elementor-element-171c5cc elementor-section-full_width elementor-section-height-default elementor-section-height-default\" data-id=\"171c5cc\" data-element_type=\"section\" data-e-type=\"section\">\n\t\t\t\t\t\t<div class=\"elementor-container elementor-column-gap-wider\">\n\t\t\t\t\t<div class=\"elementor-column elementor-col-50 elementor-top-column elementor-element elementor-element-779b6d2\" data-id=\"779b6d2\" data-element_type=\"column\" data-e-type=\"column\" data-settings=\"{&quot;background_background&quot;:&quot;classic&quot;}\">\n\t\t\t<div class=\"elementor-widget-wrap\">\n\t\t\t\t\t\t\t<\/div>\n\t\t<\/div>\n\t\t\t\t<div class=\"elementor-column elementor-col-50 elementor-top-column elementor-element elementor-element-4eb595f\" data-id=\"4eb595f\" data-element_type=\"column\" data-e-type=\"column\" data-settings=\"{&quot;background_background&quot;:&quot;classic&quot;}\">\n\t\t\t<div class=\"elementor-widget-wrap elementor-element-populated\">\n\t\t\t\t\t\t<div class=\"elementor-element elementor-element-f077239 elementor-widget__width-initial elementor-widget elementor-widget-heading\" data-id=\"f077239\" data-element_type=\"widget\" data-e-type=\"widget\" data-widget_type=\"heading.default\">\n\t\t\t\t<div class=\"elementor-widget-container\">\n\t\t\t\t\t<h2 class=\"elementor-heading-title elementor-size-default\">Testimonials<\/h2>\t\t\t\t<\/div>\n\t\t\t\t<\/div>\n\t\t\t\t<div class=\"elementor-element elementor-element-a46dd76 elementor-widget__width-initial elementor-widget elementor-widget-heading\" data-id=\"a46dd76\" data-element_type=\"widget\" data-e-type=\"widget\" data-widget_type=\"heading.default\">\n\t\t\t\t<div class=\"elementor-widget-container\">\n\t\t\t\t\t<h2 class=\"elementor-heading-title elementor-size-default\">Some testimonials from our candidates<\/h2>\t\t\t\t<\/div>\n\t\t\t\t<\/div>\n\t\t\t\t<div class=\"elementor-element elementor-element-6c4b89d elementor-widget elementor-widget-spacer\" data-id=\"6c4b89d\" data-element_type=\"widget\" data-e-type=\"widget\" data-widget_type=\"spacer.default\">\n\t\t\t\t<div class=\"elementor-widget-container\">\n\t\t\t\t\t\t\t<div class=\"elementor-spacer\">\n\t\t\t<div class=\"elementor-spacer-inner\"><\/div>\n\t\t<\/div>\n\t\t\t\t\t\t<\/div>\n\t\t\t\t<\/div>\n\t\t\t\t<div class=\"elementor-element elementor-element-9444675 elementor-testimonial--align-left elementor-testimonial--skin-default elementor-testimonial--layout-image_inline elementor-arrows-yes elementor-pagination-type-bullets elementor-widget elementor-widget-testimonial-carousel\" data-id=\"9444675\" data-element_type=\"widget\" data-e-type=\"widget\" data-settings=\"{&quot;show_arrows&quot;:&quot;yes&quot;,&quot;pagination&quot;:&quot;bullets&quot;,&quot;speed&quot;:500,&quot;autoplay&quot;:&quot;yes&quot;,&quot;autoplay_speed&quot;:5000,&quot;loop&quot;:&quot;yes&quot;,&quot;pause_on_hover&quot;:&quot;yes&quot;,&quot;pause_on_interaction&quot;:&quot;yes&quot;,&quot;space_between&quot;:{&quot;unit&quot;:&quot;px&quot;,&quot;size&quot;:10,&quot;sizes&quot;:[]},&quot;space_between_tablet&quot;:{&quot;unit&quot;:&quot;px&quot;,&quot;size&quot;:10,&quot;sizes&quot;:[]},&quot;space_between_mobile&quot;:{&quot;unit&quot;:&quot;px&quot;,&quot;size&quot;:10,&quot;sizes&quot;:[]}}\" data-widget_type=\"testimonial-carousel.default\">\n\t\t\t\t<div class=\"elementor-widget-container\">\n\t\t\t\t\t\t\t\t\t<div class=\"elementor-swiper\">\n\t\t\t\t\t<div class=\"elementor-main-swiper swiper\" role=\"region\" aria-roledescription=\"carousel\" aria-label=\"Slides\">\n\t\t\t\t<div class=\"swiper-wrapper\">\n\t\t\t\t\t\t\t\t\t\t\t<div class=\"swiper-slide\" role=\"group\" aria-roledescription=\"slide\">\n\t\t\t\t\t\t\t\t\t<div class=\"elementor-testimonial\">\n\t\t\t\t\t\t\t<div class=\"elementor-testimonial__content\">\n\t\t\t\t\t<div class=\"elementor-testimonial__text\">\n\t\t\t\t\t\tBonjour Messieurs,\n\nPar ces quelques mots, permettez-moi de vous remercier pour votre accueil et votre professionnalisme.\nLa qualit\u00e9 de votre \u00e9coute, votre engagement et vos conseils ont \u00e9t\u00e9 non seulement appr\u00e9ci\u00e9s mais judicieux.\nSi l\u2019un de vous m\u2019a permis de comprendre que ce n\u2019\u00e9tait pas moi qui \u00e9tais en cause mais bien le milieu dans lequel j\u2019\u00e9voluais, l\u2019autre a fait en sorte que je m\u2019interroge et me positionne par rapport \u00e0 mes d\u00e9sirs et mes attentes professionnels.\nC\u2019est avec joie et soulagement que je vous annonce prester aujourd\u2019hui mon dernier jour de pr\u00e9avis. A partir de lundi, j\u2019endosserai le r\u00f4le de conseiller. Un poste \u00e0 d\u00e9couvrir dans une asbl dont je partage les valeurs.\nVotre empathie et votre expertise ont sans nul doute jou\u00e9 un r\u00f4le important dans cette \u00e9volution.\nJe vous souhaite le meilleur dans vos parcours professionnels et priv\u00e9s.\t\t\t\t\t<\/div>\n\t\t\t\t\t\t\t\t\t<\/div>\n\t\t\t\t\t\t<div class=\"elementor-testimonial__footer\">\n\t\t\t\t\t\t\t\t<cite class=\"elementor-testimonial__cite\"><span class=\"elementor-testimonial__name\">Charlotte<\/span><\/cite>\t\t\t<\/div>\n\t\t<\/div>\n\t\t\t\t\t\t\t\t<\/div>\n\t\t\t\t\t\t\t\t\t\t\t<div class=\"swiper-slide\" role=\"group\" aria-roledescription=\"slide\">\n\t\t\t\t\t\t\t\t\t<div class=\"elementor-testimonial\">\n\t\t\t\t\t\t\t<div class=\"elementor-testimonial__content\">\n\t\t\t\t\t<div class=\"elementor-testimonial__text\">\n\t\t\t\t\t\tCher Fabrice,\nVous avez \u00e9t\u00e9 un de mes premiers contacts recrutement lorsque j\u2019ai commenc\u00e9 \u00e0 chercher du boulot au sortir de mes \u00e9tudes.\nUn peu une claque ! \u2026 Mais en toute gentillesse et en toute intelligence, vous m\u2019avez recadr\u00e9 et m\u2019avez fait me poser les bonnes questions. Cela reste ind\u00e9l\u00e9bile.\nCa \u00e9t\u00e9 une \u00e9cole dont l\u2019un des \u00e9l\u00e9ments principaux \u00e0 \u00e9t\u00e9 \u2026 la gratuit\u00e9.\n\nDepuis, je vous croise dans vos activit\u00e9s. Par-ci, par-l\u00e0. Je note, remarque vos actions\u2026un peu l\u2019\u00e9volution de vos activit\u00e9s.\n\nC\u2019est pour cela que sans aucun but et sans aucune intention je tenais \u00e0 vous dire :\nF\u00e9licitation pour ce que vous faites. F\u00e9licitation pour votre activit\u00e9. Pour rester continuellement hors norme dans votre mani\u00e8re de faire votre travail.\n\nLe ton, le fond la forme de vos communications, de vos offres est toujours diff\u00e9rents et hors du commun sur notre march\u00e9 de l\u2019emploi.\nVos textes, vos mani\u00e8res de faire me sautent toujours aux yeux. (Je pense m\u00eame pouvoir le reconna\u00eetre quand bien m\u00eame il ne serait pas sign\u00e9 ;o) ).\nIl est respectueux, constructif et professionnel.\n\nPermettez moi de vous encourager dans votre originalit\u00e9 et dans votre modernit\u00e9. Je vous souhaite tout le succ\u00e8s !\t\t\t\t\t<\/div>\n\t\t\t\t\t\t\t\t\t<\/div>\n\t\t\t\t\t\t<div class=\"elementor-testimonial__footer\">\n\t\t\t\t\t\t\t\t<cite class=\"elementor-testimonial__cite\"><span class=\"elementor-testimonial__name\">Nicolas<\/span><\/cite>\t\t\t<\/div>\n\t\t<\/div>\n\t\t\t\t\t\t\t\t<\/div>\n\t\t\t\t\t\t\t\t\t\t\t<div class=\"swiper-slide\" role=\"group\" aria-roledescription=\"slide\">\n\t\t\t\t\t\t\t\t\t<div class=\"elementor-testimonial\">\n\t\t\t\t\t\t\t<div class=\"elementor-testimonial__content\">\n\t\t\t\t\t<div class=\"elementor-testimonial__text\">\n\t\t\t\t\t\tI would like to thank Recruitment Solutions, and especially Fabrice Drukman, for their good work.\nI went to see them two months ago as I had just lost my job and since the first day; I have been in permanent contact with them.\nThey have managed to find me a job within two months which suits my needs and is in my character.\nSince I have asked Recruitment Solutions for help concerning my job search, they have been beside me and supporting me.\nThe interviews that I went to were all for jobs which I would potentially enjoy and that would suit me.\nUnlike other agencies, they take their time to find the job that would best suit you and not just send you anywhere to waste your time.\nAnother amazing aspect about Recruitment Solutions is the follow up. Once they have found you a job, they keep in contact to make sure that all goes well, and to encourage you. Other agencies just tend to forget you once you find a job.\n\nTo all those of you which are looking for a job, I would really recommend Recruitment Solutions!\t\t\t\t\t<\/div>\n\t\t\t\t\t\t\t\t\t<\/div>\n\t\t\t\t\t\t<div class=\"elementor-testimonial__footer\">\n\t\t\t\t\t\t\t\t<cite class=\"elementor-testimonial__cite\"><span class=\"elementor-testimonial__name\">Sara<\/span><span class=\"elementor-testimonial__title\">Office Assistant<\/span><\/cite>\t\t\t<\/div>\n\t\t<\/div>\n\t\t\t\t\t\t\t\t<\/div>\n\t\t\t\t\t\t\t\t\t\t\t<div class=\"swiper-slide\" role=\"group\" aria-roledescription=\"slide\">\n\t\t\t\t\t\t\t\t\t<div class=\"elementor-testimonial\">\n\t\t\t\t\t\t\t<div class=\"elementor-testimonial__content\">\n\t\t\t\t\t<div class=\"elementor-testimonial__text\">\n\t\t\t\t\t\tIk heb onze samenwerking en uw service als zeer goed, effici\u00ebnt, aangenaam en professioneel ervaren. Dankzij verschillende gesprekken en een goede opvolging wist u mij steeds jobs voor te stellen die perfect bij mijn noden en ervaring aansluiten. Ik ben er dan ook zeker van dat deze job een grote uitdaging maar vooral veel kansen voor mij zal betekenen.\t\t\t\t\t<\/div>\n\t\t\t\t\t\t\t\t\t<\/div>\n\t\t\t\t\t\t<div class=\"elementor-testimonial__footer\">\n\t\t\t\t\t\t\t\t<cite class=\"elementor-testimonial__cite\"><span class=\"elementor-testimonial__name\">Tina<\/span><span class=\"elementor-testimonial__title\">Sales in IT<\/span><\/cite>\t\t\t<\/div>\n\t\t<\/div>\n\t\t\t\t\t\t\t\t<\/div>\n\t\t\t\t\t\t\t\t\t\t\t<div class=\"swiper-slide\" role=\"group\" aria-roledescription=\"slide\">\n\t\t\t\t\t\t\t\t\t<div class=\"elementor-testimonial\">\n\t\t\t\t\t\t\t<div class=\"elementor-testimonial__content\">\n\t\t\t\t\t<div class=\"elementor-testimonial__text\">\n\t\t\t\t\t\tFinding the right match between a candidate\u2019s professional goals and a company\u2019s culture, plans and needs is not easy at all.\n\nIn this process, Fabrice Drukman, of Recruitment Solutions, has been a great help to me, always bearing in mind what was the most important to me in my job search. I\u2019m grateful to him for his patience and commitment. \u00bb\t\t\t\t\t<\/div>\n\t\t\t\t\t\t\t\t\t<\/div>\n\t\t\t\t\t\t<div class=\"elementor-testimonial__footer\">\n\t\t\t\t\t\t\t\t<cite class=\"elementor-testimonial__cite\"><span class=\"elementor-testimonial__name\">Isabelle<\/span><span class=\"elementor-testimonial__title\">Office Assistant<\/span><\/cite>\t\t\t<\/div>\n\t\t<\/div>\n\t\t\t\t\t\t\t\t<\/div>\n\t\t\t\t\t\t\t\t\t\t\t<div class=\"swiper-slide\" role=\"group\" aria-roledescription=\"slide\">\n\t\t\t\t\t\t\t\t\t<div class=\"elementor-testimonial\">\n\t\t\t\t\t\t\t<div class=\"elementor-testimonial__content\">\n\t\t\t\t\t<div class=\"elementor-testimonial__text\">\n\t\t\t\t\t\tLangs deze weg wou ik u nogmaals bedanken voor de vlotte samenwerking met Recruitment Solutions. Het onthaal bij Recruitment Solutions was persoonlijk: Philippe Drukman nam de tijd om naar mij te luisteren en om mij te doorgronden. Op die manier kon Philippe Drukman mij snel en effici\u00ebnt een baan voorstellen die aan mijn verwachtingen voldeed.\n\nOok uw opvolging, raad en steun tijdens de vele gesprekken die ik heb gehad met mijn uiteindelijke werkgever betuigen van uw professionalisme.\n\nNogmaals mijn dank voor de uitstekende samenwerking,\t\t\t\t\t<\/div>\n\t\t\t\t\t\t\t\t\t<\/div>\n\t\t\t\t\t\t<div class=\"elementor-testimonial__footer\">\n\t\t\t\t\t\t\t\t<cite class=\"elementor-testimonial__cite\"><span class=\"elementor-testimonial__name\">Koen<\/span><span class=\"elementor-testimonial__title\">Sr Commercial Consultant<\/span><\/cite>\t\t\t<\/div>\n\t\t<\/div>\n\t\t\t\t\t\t\t\t<\/div>\n\t\t\t\t\t\t\t\t\t\t\t<div class=\"swiper-slide\" role=\"group\" aria-roledescription=\"slide\">\n\t\t\t\t\t\t\t\t\t<div class=\"elementor-testimonial\">\n\t\t\t\t\t\t\t<div class=\"elementor-testimonial__content\">\n\t\t\t\t\t<div class=\"elementor-testimonial__text\">\n\t\t\t\t\t\tMessieurs Drukman offrent un service irr\u00e9prochable, particuli\u00e8rement en ce qui concerne le suivi des candidats. En effet, non seulement Mr Drukman sont rapides, efficaces, et professionnels, mais en outre, et c\u2019est selon moi la plus grande diff\u00e9rence par rapport \u00e0 de grandes agences de recrutement ou int\u00e9rim, ils accordent une tr\u00e8s grande importance au c\u00f4t\u00e9 humain de leur fonction.\n\nMonsieur Fabrice Drukman m\u2019a trouv\u00e9 mon emploi actuel (en 2 semaines !) et continue \u00e0 s\u2019int\u00e9resser \u00e0 mon \u00e9volution dans l\u2019entreprise. Leur force se situe selon moi dans leur professionnalisme et leur int\u00e9r\u00eat \u00e0 r\u00e9pondre aux attentes de chaque candidat, comme \u00eatre \u00e0 part enti\u00e8re et non source de revenus potentielle. Messieurs Drukman ont \u00e9t\u00e9 les meilleurs recruteurs qu\u2019il m\u2019ait \u00e9t\u00e9 donn\u00e9 de rencontrer durant ma p\u00e9riode de recherche d\u2019emploi.\t\t\t\t\t<\/div>\n\t\t\t\t\t\t\t\t\t<\/div>\n\t\t\t\t\t\t<div class=\"elementor-testimonial__footer\">\n\t\t\t\t\t\t\t\t<cite class=\"elementor-testimonial__cite\"><span class=\"elementor-testimonial__name\">Florence<\/span><span class=\"elementor-testimonial__title\">European Sales Assistant<\/span><\/cite>\t\t\t<\/div>\n\t\t<\/div>\n\t\t\t\t\t\t\t\t<\/div>\n\t\t\t\t\t\t\t\t\t\t\t<div class=\"swiper-slide\" role=\"group\" aria-roledescription=\"slide\">\n\t\t\t\t\t\t\t\t\t<div class=\"elementor-testimonial\">\n\t\t\t\t\t\t\t<div class=\"elementor-testimonial__content\">\n\t\t\t\t\t<div class=\"elementor-testimonial__text\">\n\t\t\t\t\t\tDe vlotte en effici\u00ebnte aanpak van Recruitment Solutions, of hoe ik op een week tijd van kennismakend onderhoud naar eerste werkdag ben ge\u00ebvolueerd! Er werd zowel rekening gehouden met mijn capaciteiten als mijn interesses en voorkeuren, wat maakt dat ik me momenteel in een jonge werkomgeving bevind, de perfecte carri\u00e8restart heb kunnen waarmaken en naar de toekomst toe veelbelovende perspectieven heb! Op 22 jaar een job vinden die je met plezier doet, verdienen wat je wilde en rondrijden met een bedrijfswagen, Recruitment Solutions maakte het waar voor mij!\t\t\t\t\t<\/div>\n\t\t\t\t\t\t\t\t\t<\/div>\n\t\t\t\t\t\t<div class=\"elementor-testimonial__footer\">\n\t\t\t\t\t\t\t\t<cite class=\"elementor-testimonial__cite\"><span class=\"elementor-testimonial__name\">Stephan<\/span><span class=\"elementor-testimonial__title\"> Account Manager<\/span><\/cite>\t\t\t<\/div>\n\t\t<\/div>\n\t\t\t\t\t\t\t\t<\/div>\n\t\t\t\t\t\t\t\t\t\t\t<div class=\"swiper-slide\" role=\"group\" aria-roledescription=\"slide\">\n\t\t\t\t\t\t\t\t\t<div class=\"elementor-testimonial\">\n\t\t\t\t\t\t\t<div class=\"elementor-testimonial__content\">\n\t\t\t\t\t<div class=\"elementor-testimonial__text\">\n\t\t\t\t\t\t\u00ab Gr\u00e2ce \u00e0 l\u2019efficacit\u00e9 de Monsieur Drukman, son professionnalisme et savoir-faire dans le secteur du recrutement, j\u2019ai pu trouver tr\u00e8s rapidement \u2018LE\u2019 job qui me convenait. \nApr\u00e8s un premier entretien approfondi chez Recruitment Solutions o\u00f9 mes attentes et mes int\u00e9r\u00eats ont bien \u00e9t\u00e9 cern\u00e9s, les choses ont tr\u00e8s vite \u00e9volu\u00e9es. Deux jours plus tard, un premier entretien a eu lieu chez mon actuel employeur. Et cet apr\u00e8s-midi je viens de signer mon contrat !\nEn autres termes un job dynamique dans une entreprise internationale et en guise de cadeau une voiture de soci\u00e9t\u00e9 ! Tout cela rendu possible gr\u00e2ce au travail de Philippe Drukman et de son \u00e9quipe !\nCe f\u00fbt un plaisir de travailler avec Recruitment Solutions et je le recommande \u00e0 tout le monde !\nMerci! \u00bb\t\t\t\t\t<\/div>\n\t\t\t\t\t\t\t\t\t<\/div>\n\t\t\t\t\t\t<div class=\"elementor-testimonial__footer\">\n\t\t\t\t\t\t\t\t<cite class=\"elementor-testimonial__cite\"><span class=\"elementor-testimonial__name\">Victoria<\/span><span class=\"elementor-testimonial__title\">Category manager<\/span><\/cite>\t\t\t<\/div>\n\t\t<\/div>\n\t\t\t\t\t\t\t\t<\/div>\n\t\t\t\t\t\t\t\t\t\t\t<div class=\"swiper-slide\" role=\"group\" aria-roledescription=\"slide\">\n\t\t\t\t\t\t\t\t\t<div class=\"elementor-testimonial\">\n\t\t\t\t\t\t\t<div class=\"elementor-testimonial__content\">\n\t\t\t\t\t<div class=\"elementor-testimonial__text\">\n\t\t\t\t\t\tFor my last employment, Philippe Drukman did an excellent work! According to my qualities and my professional\u2019s experiments, he found me a very interesting job where I opened out fully. Philippe Drukman is an excellent recruiter and he mades possible to make profitable all my strong qualities.\nHe will go to the Top\u2026 The sky is the limit! Isn\u2019t it?\t\t\t\t\t<\/div>\n\t\t\t\t\t\t\t\t\t<\/div>\n\t\t\t\t\t\t<div class=\"elementor-testimonial__footer\">\n\t\t\t\t\t\t\t\t<cite class=\"elementor-testimonial__cite\"><span class=\"elementor-testimonial__name\">Steve<\/span><span class=\"elementor-testimonial__title\">Sr Account Manager<\/span><\/cite>\t\t\t<\/div>\n\t\t<\/div>\n\t\t\t\t\t\t\t\t<\/div>\n\t\t\t\t\t\t\t\t\t\t\t<div class=\"swiper-slide\" role=\"group\" aria-roledescription=\"slide\">\n\t\t\t\t\t\t\t\t\t<div class=\"elementor-testimonial\">\n\t\t\t\t\t\t\t<div class=\"elementor-testimonial__content\">\n\t\t\t\t\t<div class=\"elementor-testimonial__text\">\n\t\t\t\t\t\tJe tiens \u00e0 souligner l\u2019accueil personnalis\u00e9 et pr\u00e9venant re\u00e7u chez Recruitment Solutions. Nous sommes loin des standards habituellement rencontr\u00e9s dans ce genre de secteur.\nL\u2019accent est non seulement mis sur vos capacit\u00e9s, mais \u00e9galement sur votre personnalit\u00e9, lors d\u2019un entretien direct avec les responsables, qui connaissent parfaitement le profil recherch\u00e9 par le recruteur.\nAyant imm\u00e9diatement trouv\u00e9 \u00ab Le Job \u00bb, je suis r\u00e9guli\u00e8rement contact\u00e9e par Recruitment Solutions, soucieux de mon \u00e9volution au sein de ma nouvelle \u00e9quipe de travail.\nMerci !\t\t\t\t\t<\/div>\n\t\t\t\t\t\t\t\t\t<\/div>\n\t\t\t\t\t\t<div class=\"elementor-testimonial__footer\">\n\t\t\t\t\t\t\t\t<cite class=\"elementor-testimonial__cite\"><span class=\"elementor-testimonial__name\">Fran\u00e7oise<\/span><span class=\"elementor-testimonial__title\">Office Manager dans une soci\u00e9t\u00e9 de consultance<\/span><\/cite>\t\t\t<\/div>\n\t\t<\/div>\n\t\t\t\t\t\t\t\t<\/div>\n\t\t\t\t\t\t\t\t\t<\/div>\n\t\t\t\t\t\t\t\t\t\t\t\t\t\t\t<div class=\"elementor-swiper-button elementor-swiper-button-prev\" role=\"button\" tabindex=\"0\" aria-label=\"Previous\">\n\t\t\t\t\t\t\t<i aria-hidden=\"true\" class=\"eicon-chevron-left\"><\/i>\t\t\t\t\t\t<\/div>\n\t\t\t\t\t\t<div class=\"elementor-swiper-button elementor-swiper-button-next\" role=\"button\" tabindex=\"0\" aria-label=\"Next\">\n\t\t\t\t\t\t\t<i aria-hidden=\"true\" class=\"eicon-chevron-right\"><\/i>\t\t\t\t\t\t<\/div>\n\t\t\t\t\t\t\t\t\t\t\t\t\t\t\t\t<div class=\"swiper-pagination\"><\/div>\n\t\t\t\t\t\t\t\t\t\t\t\t<\/div>\n\t\t\t\t<\/div>\n\t\t\t\t\t\t\t\t<\/div>\n\t\t\t\t<\/div>\n\t\t\t\t<div class=\"elementor-element elementor-element-dfcb189 elementor-widget__width-initial elementor-widget elementor-widget-text-editor\" data-id=\"dfcb189\" data-element_type=\"widget\" data-e-type=\"widget\" data-widget_type=\"text-editor.default\">\n\t\t\t\t<div class=\"elementor-widget-container\">\n\t\t\t\t\t\t\t\t\t<p><a href=\"https:\/\/www.recruitmentsolutions.be\/en\/send-a-testimonial\/\">Send my testimony<\/a><\/p>\t\t\t\t\t\t\t\t<\/div>\n\t\t\t\t<\/div>\n\t\t\t\t<div class=\"elementor-element elementor-element-93a8201 elementor-widget elementor-widget-image\" data-id=\"93a8201\" data-element_type=\"widget\" data-e-type=\"widget\" data-widget_type=\"image.default\">\n\t\t\t\t<div class=\"elementor-widget-container\">\n\t\t\t\t\t\t\t\t\t\t\t\t\t\t\t<img decoding=\"async\" width=\"276\" height=\"20\" src=\"https:\/\/www.recruitmentsolutions.be\/wp-content\/uploads\/2022\/09\/fleche_seule.svg\" class=\"attachment-large size-large wp-image-1313\" alt=\"\" \/>\t\t\t\t\t\t\t\t\t\t\t\t\t\t\t<\/div>\n\t\t\t\t<\/div>\n\t\t\t\t\t<\/div>\n\t\t<\/div>\n\t\t\t\t\t<\/div>\n\t\t<\/section>\n\t\t\t\t<\/div>\n\t\t","protected":false},"excerpt":{"rendered":"<p>Testimonials Some testimonials from our candidates Bonjour Messieurs, Par ces quelques mots, permettez-moi de vous remercier pour votre accueil et votre professionnalisme. La qualit\u00e9 de votre \u00e9coute, votre engagement et&#8230;<\/p>\n","protected":false},"author":1,"featured_media":0,"parent":0,"menu_order":0,"comment_status":"closed","ping_status":"closed","template":"elementor_header_footer","meta":{"footnotes":""},"class_list":["post-1523","page","type-page","status-publish","hentry"],"_links":{"self":[{"href":"https:\/\/www.recruitmentsolutions.be\/en\/wp-json\/wp\/v2\/pages\/1523","targetHints":{"allow":["GET"]}}],"collection":[{"href":"https:\/\/www.recruitmentsolutions.be\/en\/wp-json\/wp\/v2\/pages"}],"about":[{"href":"https:\/\/www.recruitmentsolutions.be\/en\/wp-json\/wp\/v2\/types\/page"}],"author":[{"embeddable":true,"href":"https:\/\/www.recruitmentsolutions.be\/en\/wp-json\/wp\/v2\/users\/1"}],"replies":[{"embeddable":true,"href":"https:\/\/www.recruitmentsolutions.be\/en\/wp-json\/wp\/v2\/comments?post=1523"}],"version-history":[{"count":11,"href":"https:\/\/www.recruitmentsolutions.be\/en\/wp-json\/wp\/v2\/pages\/1523\/revisions"}],"predecessor-version":[{"id":1913,"href":"https:\/\/www.recruitmentsolutions.be\/en\/wp-json\/wp\/v2\/pages\/1523\/revisions\/1913"}],"wp:attachment":[{"href":"https:\/\/www.recruitmentsolutions.be\/en\/wp-json\/wp\/v2\/media?parent=1523"}],"curies":[{"name":"wp","href":"https:\/\/api.w.org\/{rel}","templated":true}]}}