{"id":1693,"date":"2022-09-26T11:38:55","date_gmt":"2022-09-26T09:38:55","guid":{"rendered":"https:\/\/rs.good-ideas.be\/?page_id=1693"},"modified":"2022-10-01T23:08:34","modified_gmt":"2022-10-01T21:08:34","slug":"nieuws-publicaties","status":"publish","type":"page","link":"https:\/\/www.recruitmentsolutions.be\/nl\/nieuws-publicaties\/","title":{"rendered":"Nieuws &#038; publicaties"},"content":{"rendered":"\t\t<div data-elementor-type=\"wp-page\" data-elementor-id=\"1693\" class=\"elementor elementor-1693 elementor-698\" data-elementor-post-type=\"page\">\n\t\t\t\t\t\t\t\t\t<section class=\"elementor-section elementor-top-section elementor-element elementor-element-6320f0e elementor-section-full_width elementor-section-height-min-height elementor-section-height-default elementor-section-items-middle\" data-id=\"6320f0e\" data-element_type=\"section\" data-settings=\"{&quot;background_background&quot;:&quot;classic&quot;}\">\n\t\t\t\t\t\t\t<div class=\"elementor-background-overlay\"><\/div>\n\t\t\t\t\t\t\t<div class=\"elementor-container elementor-column-gap-default\">\n\t\t\t\t\t<div class=\"elementor-column elementor-col-100 elementor-top-column elementor-element elementor-element-aa5c273\" data-id=\"aa5c273\" data-element_type=\"column\">\n\t\t\t<div class=\"elementor-widget-wrap elementor-element-populated\">\n\t\t\t\t\t\t\t\t\t<\/div>\n\t\t<\/div>\n\t\t\t\t\t\t\t<\/div>\n\t\t<\/section>\n\t\t\t\t<section class=\"elementor-section elementor-top-section elementor-element elementor-element-5b9bbe1 elementor-section-boxed elementor-section-height-default elementor-section-height-default\" data-id=\"5b9bbe1\" data-element_type=\"section\">\n\t\t\t\t\t\t<div class=\"elementor-container elementor-column-gap-default\">\n\t\t\t\t\t<div class=\"elementor-column elementor-col-100 elementor-top-column elementor-element elementor-element-707f73f\" data-id=\"707f73f\" data-element_type=\"column\">\n\t\t\t<div class=\"elementor-widget-wrap elementor-element-populated\">\n\t\t\t\t\t\t\t\t<div class=\"elementor-element elementor-element-c4cbfe7 elementor-grid-2 elementor-grid-tablet-2 elementor-grid-mobile-1 elementor-posts--thumbnail-top elementor-card-shadow-yes elementor-posts__hover-gradient load-more-align-center elementor-widget elementor-widget-posts\" data-id=\"c4cbfe7\" data-element_type=\"widget\" data-settings=\"{&quot;cards_columns&quot;:&quot;2&quot;,&quot;pagination_type&quot;:&quot;load_more_on_click&quot;,&quot;cards_columns_tablet&quot;:&quot;2&quot;,&quot;cards_columns_mobile&quot;:&quot;1&quot;,&quot;cards_row_gap&quot;:{&quot;unit&quot;:&quot;px&quot;,&quot;size&quot;:35,&quot;sizes&quot;:[]},&quot;cards_row_gap_tablet&quot;:{&quot;unit&quot;:&quot;px&quot;,&quot;size&quot;:&quot;&quot;,&quot;sizes&quot;:[]},&quot;cards_row_gap_mobile&quot;:{&quot;unit&quot;:&quot;px&quot;,&quot;size&quot;:&quot;&quot;,&quot;sizes&quot;:[]},&quot;load_more_spinner&quot;:{&quot;value&quot;:&quot;fas fa-spinner&quot;,&quot;library&quot;:&quot;fa-solid&quot;}}\" data-widget_type=\"posts.cards\">\n\t\t\t\t<div class=\"elementor-widget-container\">\n\t\t\t<link rel=\"stylesheet\" href=\"https:\/\/www.recruitmentsolutions.be\/wp-content\/plugins\/elementor-pro\/assets\/css\/widget-posts.min.css\">\t\t<div class=\"elementor-posts-container elementor-posts elementor-posts--skin-cards elementor-grid\">\n\t\t\t\t<article class=\"elementor-post elementor-grid-item post-1842 post type-post status-publish format-standard has-post-thumbnail hentry category-geen-onderdeel-van-een-categorie\">\n\t\t\t<div class=\"elementor-post__card\">\n\t\t\t\t<a class=\"elementor-post__thumbnail__link\" href=\"https:\/\/www.recruitmentsolutions.be\/nl\/2022\/09\/26\/la-guerre-des-talents-prenez-bien-soin-de-vos-nouveaux-venus\/\" tabindex=\"-1\" ><div class=\"elementor-post__thumbnail\"><img fetchpriority=\"high\" decoding=\"async\" width=\"300\" height=\"211\" src=\"https:\/\/www.recruitmentsolutions.be\/wp-content\/uploads\/2022\/09\/pablo-gentile-3MYvgsH1uK0-unsplash-300x211.jpg\" class=\"attachment-medium size-medium wp-image-1318\" alt=\"\" srcset=\"https:\/\/www.recruitmentsolutions.be\/wp-content\/uploads\/2022\/09\/pablo-gentile-3MYvgsH1uK0-unsplash-300x211.jpg 300w, https:\/\/www.recruitmentsolutions.be\/wp-content\/uploads\/2022\/09\/pablo-gentile-3MYvgsH1uK0-unsplash-1024x720.jpg 1024w, https:\/\/www.recruitmentsolutions.be\/wp-content\/uploads\/2022\/09\/pablo-gentile-3MYvgsH1uK0-unsplash-768x540.jpg 768w, https:\/\/www.recruitmentsolutions.be\/wp-content\/uploads\/2022\/09\/pablo-gentile-3MYvgsH1uK0-unsplash-600x422.jpg 600w, https:\/\/www.recruitmentsolutions.be\/wp-content\/uploads\/2022\/09\/pablo-gentile-3MYvgsH1uK0-unsplash-1200x844.jpg 1200w, https:\/\/www.recruitmentsolutions.be\/wp-content\/uploads\/2022\/09\/pablo-gentile-3MYvgsH1uK0-unsplash.jpg 1500w\" sizes=\"(max-width: 300px) 100vw, 300px\" \/><\/div><\/a>\n\t\t\t\t<div class=\"elementor-post__badge\">Geen onderdeel van een categorie<\/div>\n\t\t\t\t<div class=\"elementor-post__text\">\n\t\t\t\t<h3 class=\"elementor-post__title\">\n\t\t\t<a href=\"https:\/\/www.recruitmentsolutions.be\/nl\/2022\/09\/26\/la-guerre-des-talents-prenez-bien-soin-de-vos-nouveaux-venus\/\" >\n\t\t\t\tLa guerre des talents ? Prenez bien soin de vos nouveaux venus !\t\t\t<\/a>\n\t\t<\/h3>\n\t\t\t\t<div class=\"elementor-post__excerpt\">\n\t\t\t<p>L\u2019exigu\u00eft\u00e9 du march\u00e9 du travail rend le recrutement de travailleurs difficile. Les \u00e9tudes d\u00e9montrent que les premi\u00e8res semaines et les premiers mois sont cruciaux pour une int\u00e9gration fluide ou \u2018lune<\/p>\n\t\t<\/div>\n\t\t\n\t\t<a class=\"elementor-post__read-more\" href=\"https:\/\/www.recruitmentsolutions.be\/nl\/2022\/09\/26\/la-guerre-des-talents-prenez-bien-soin-de-vos-nouveaux-venus\/\" aria-label=\"Lees meer over La guerre des talents ? Prenez bien soin de vos nouveaux venus !\" tabindex=\"-1\" >\n\t\t\tLire la suite\t\t<\/a>\n\n\t\t\t\t<\/div>\n\t\t\t\t<div class=\"elementor-post__meta-data\">\n\t\t\t\t\t<span class=\"elementor-post-date\">\n\t\t\t26\/09\/2022\t\t<\/span>\n\t\t\t\t<\/div>\n\t\t\t\t\t<\/div>\n\t\t<\/article>\n\t\t\t\t<article class=\"elementor-post elementor-grid-item post-1845 post type-post status-publish format-standard has-post-thumbnail hentry category-geen-onderdeel-van-een-categorie\">\n\t\t\t<div class=\"elementor-post__card\">\n\t\t\t\t<a class=\"elementor-post__thumbnail__link\" href=\"https:\/\/www.recruitmentsolutions.be\/nl\/2022\/09\/26\/les-quatre-ingredients-dun-leadership-a-succes\/\" tabindex=\"-1\" ><div class=\"elementor-post__thumbnail\"><img decoding=\"async\" width=\"300\" height=\"200\" src=\"https:\/\/www.recruitmentsolutions.be\/wp-content\/uploads\/2022\/09\/headway-5QgIuuBxKwM-unsplash-4-300x200.jpg\" class=\"attachment-medium size-medium wp-image-1316\" alt=\"\" srcset=\"https:\/\/www.recruitmentsolutions.be\/wp-content\/uploads\/2022\/09\/headway-5QgIuuBxKwM-unsplash-4-300x200.jpg 300w, https:\/\/www.recruitmentsolutions.be\/wp-content\/uploads\/2022\/09\/headway-5QgIuuBxKwM-unsplash-4-1024x683.jpg 1024w, https:\/\/www.recruitmentsolutions.be\/wp-content\/uploads\/2022\/09\/headway-5QgIuuBxKwM-unsplash-4-768x512.jpg 768w, https:\/\/www.recruitmentsolutions.be\/wp-content\/uploads\/2022\/09\/headway-5QgIuuBxKwM-unsplash-4-600x400.jpg 600w, https:\/\/www.recruitmentsolutions.be\/wp-content\/uploads\/2022\/09\/headway-5QgIuuBxKwM-unsplash-4-1200x800.jpg 1200w, https:\/\/www.recruitmentsolutions.be\/wp-content\/uploads\/2022\/09\/headway-5QgIuuBxKwM-unsplash-4.jpg 1500w\" sizes=\"(max-width: 300px) 100vw, 300px\" \/><\/div><\/a>\n\t\t\t\t<div class=\"elementor-post__badge\">Geen onderdeel van een categorie<\/div>\n\t\t\t\t<div class=\"elementor-post__text\">\n\t\t\t\t<h3 class=\"elementor-post__title\">\n\t\t\t<a href=\"https:\/\/www.recruitmentsolutions.be\/nl\/2022\/09\/26\/les-quatre-ingredients-dun-leadership-a-succes\/\" >\n\t\t\t\tLes quatre ingr\u00e9dients d\u2019un leadership \u00e0 succ\u00e8s\t\t\t<\/a>\n\t\t<\/h3>\n\t\t\t\t<div class=\"elementor-post__excerpt\">\n\t\t\t<p>Le leadership est-il un talent inn\u00e9\u2009? Pas n\u00e9cessairement\u2026 Nous vous donnons les quatre ingr\u00e9dients d\u2019un bon leadership dans votre organisation. Un leadership puissant\u2009? Des r\u00e9sultats \u00e9clatants\u2009! Un bon leadership conditionne<\/p>\n\t\t<\/div>\n\t\t\n\t\t<a class=\"elementor-post__read-more\" href=\"https:\/\/www.recruitmentsolutions.be\/nl\/2022\/09\/26\/les-quatre-ingredients-dun-leadership-a-succes\/\" aria-label=\"Lees meer over Les quatre ingr\u00e9dients d\u2019un leadership \u00e0 succ\u00e8s\" tabindex=\"-1\" >\n\t\t\tLire la suite\t\t<\/a>\n\n\t\t\t\t<\/div>\n\t\t\t\t<div class=\"elementor-post__meta-data\">\n\t\t\t\t\t<span class=\"elementor-post-date\">\n\t\t\t26\/09\/2022\t\t<\/span>\n\t\t\t\t<\/div>\n\t\t\t\t\t<\/div>\n\t\t<\/article>\n\t\t\t\t<article class=\"elementor-post elementor-grid-item post-1848 post type-post status-publish format-standard has-post-thumbnail hentry category-geen-onderdeel-van-een-categorie\">\n\t\t\t<div class=\"elementor-post__card\">\n\t\t\t\t<a class=\"elementor-post__thumbnail__link\" href=\"https:\/\/www.recruitmentsolutions.be\/nl\/2022\/09\/26\/retour-au-bureau-apres-avoir-teletravaille-presque-a-temps-plein-attention-aux-leaders-toxiques\/\" tabindex=\"-1\" ><div class=\"elementor-post__thumbnail\"><img decoding=\"async\" width=\"300\" height=\"200\" src=\"https:\/\/www.recruitmentsolutions.be\/wp-content\/uploads\/2022\/09\/kaitlyn-baker-vZJdYl5JVXY-unsplash-300x200.jpg\" class=\"attachment-medium size-medium wp-image-1314\" alt=\"\" srcset=\"https:\/\/www.recruitmentsolutions.be\/wp-content\/uploads\/2022\/09\/kaitlyn-baker-vZJdYl5JVXY-unsplash-300x200.jpg 300w, https:\/\/www.recruitmentsolutions.be\/wp-content\/uploads\/2022\/09\/kaitlyn-baker-vZJdYl5JVXY-unsplash-768x512.jpg 768w, https:\/\/www.recruitmentsolutions.be\/wp-content\/uploads\/2022\/09\/kaitlyn-baker-vZJdYl5JVXY-unsplash-600x400.jpg 600w, https:\/\/www.recruitmentsolutions.be\/wp-content\/uploads\/2022\/09\/kaitlyn-baker-vZJdYl5JVXY-unsplash.jpg 1000w\" sizes=\"(max-width: 300px) 100vw, 300px\" \/><\/div><\/a>\n\t\t\t\t<div class=\"elementor-post__badge\">Geen onderdeel van een categorie<\/div>\n\t\t\t\t<div class=\"elementor-post__text\">\n\t\t\t\t<h3 class=\"elementor-post__title\">\n\t\t\t<a href=\"https:\/\/www.recruitmentsolutions.be\/nl\/2022\/09\/26\/retour-au-bureau-apres-avoir-teletravaille-presque-a-temps-plein-attention-aux-leaders-toxiques\/\" >\n\t\t\t\tRetour au bureau apr\u00e8s avoir t\u00e9l\u00e9travaill\u00e9 (presque) \u00e0 temps plein? Attention aux leaders toxiques!\t\t\t<\/a>\n\t\t<\/h3>\n\t\t\t\t<div class=\"elementor-post__excerpt\">\n\t\t\t<p>&#8220;Les t\u00e9l\u00e9travailleurs sont plus productifs que les collaborateurs pr\u00e9sents au bureau.&#8221;&#8221;Lorsque vous t\u00e9l\u00e9travaillez, vous vous sentez moins reli\u00e9 \u00e0 votre entreprise et \u00e0 vos coll\u00e8gues, vous \u00eates aussi moins innovant.&#8221;<\/p>\n\t\t<\/div>\n\t\t\n\t\t<a class=\"elementor-post__read-more\" href=\"https:\/\/www.recruitmentsolutions.be\/nl\/2022\/09\/26\/retour-au-bureau-apres-avoir-teletravaille-presque-a-temps-plein-attention-aux-leaders-toxiques\/\" aria-label=\"Lees meer over Retour au bureau apr\u00e8s avoir t\u00e9l\u00e9travaill\u00e9 (presque) \u00e0 temps plein? Attention aux leaders toxiques!\" tabindex=\"-1\" >\n\t\t\tLire la suite\t\t<\/a>\n\n\t\t\t\t<\/div>\n\t\t\t\t<div class=\"elementor-post__meta-data\">\n\t\t\t\t\t<span class=\"elementor-post-date\">\n\t\t\t26\/09\/2022\t\t<\/span>\n\t\t\t\t<\/div>\n\t\t\t\t\t<\/div>\n\t\t<\/article>\n\t\t\t\t<\/div>\n\t\t\t\t\t<span class=\"e-load-more-spinner\">\n\t\t\t\t<i aria-hidden=\"true\" class=\"fas fa-spinner\"><\/i>\t\t\t<\/span>\n\t\t\n\t\t\t\t<\/div>\n\t\t\t\t<\/div>\n\t\t\t\t\t<\/div>\n\t\t<\/div>\n\t\t\t\t\t\t\t<\/div>\n\t\t<\/section>\n\t\t\t\t<section class=\"elementor-section elementor-top-section elementor-element elementor-element-aa308f9 elementor-section-full_width elementor-section-height-default elementor-section-height-default\" data-id=\"aa308f9\" data-element_type=\"section\" data-settings=\"{&quot;background_background&quot;:&quot;classic&quot;}\">\n\t\t\t\t\t\t<div class=\"elementor-container elementor-column-gap-wider\">\n\t\t\t\t\t<div class=\"elementor-column elementor-col-50 elementor-top-column elementor-element elementor-element-c242c35\" data-id=\"c242c35\" data-element_type=\"column\">\n\t\t\t<div class=\"elementor-widget-wrap elementor-element-populated\">\n\t\t\t\t\t\t\t\t<div class=\"elementor-element elementor-element-b335c21 elementor-widget elementor-widget-image\" data-id=\"b335c21\" data-element_type=\"widget\" data-widget_type=\"image.default\">\n\t\t\t\t<div class=\"elementor-widget-container\">\n\t\t\t<style>\/*! elementor - v3.18.0 - 20-12-2023 *\/\n.elementor-widget-image{text-align:center}.elementor-widget-image a{display:inline-block}.elementor-widget-image a img[src$=\".svg\"]{width:48px}.elementor-widget-image img{vertical-align:middle;display:inline-block}<\/style>\t\t\t\t\t\t\t\t\t\t\t\t<img loading=\"lazy\" decoding=\"async\" width=\"616\" height=\"20\" src=\"https:\/\/www.recruitmentsolutions.be\/wp-content\/uploads\/2022\/09\/fleche.svg\" class=\"attachment-large size-large wp-image-385\" alt=\"\" \/>\t\t\t\t\t\t\t\t\t\t\t\t\t\t\t<\/div>\n\t\t\t\t<\/div>\n\t\t\t\t\t<\/div>\n\t\t<\/div>\n\t\t\t\t<div class=\"elementor-column elementor-col-50 elementor-top-column elementor-element elementor-element-ddb7c53\" data-id=\"ddb7c53\" data-element_type=\"column\">\n\t\t\t<div class=\"elementor-widget-wrap elementor-element-populated\">\n\t\t\t\t\t\t\t\t<div class=\"elementor-element elementor-element-1dea638 elementor-widget elementor-widget-heading\" data-id=\"1dea638\" data-element_type=\"widget\" data-widget_type=\"heading.default\">\n\t\t\t\t<div class=\"elementor-widget-container\">\n\t\t\t<style>\/*! elementor - v3.18.0 - 20-12-2023 *\/\n.elementor-heading-title{padding:0;margin:0;line-height:1}.elementor-widget-heading .elementor-heading-title[class*=elementor-size-]>a{color:inherit;font-size:inherit;line-height:inherit}.elementor-widget-heading .elementor-heading-title.elementor-size-small{font-size:15px}.elementor-widget-heading .elementor-heading-title.elementor-size-medium{font-size:19px}.elementor-widget-heading .elementor-heading-title.elementor-size-large{font-size:29px}.elementor-widget-heading .elementor-heading-title.elementor-size-xl{font-size:39px}.elementor-widget-heading .elementor-heading-title.elementor-size-xxl{font-size:59px}<\/style><h2 class=\"elementor-heading-title elementor-size-default\">Let us manufacture your career plan<\/h2>\t\t<\/div>\n\t\t\t\t<\/div>\n\t\t\t\t\t<\/div>\n\t\t<\/div>\n\t\t\t\t\t\t\t<\/div>\n\t\t<\/section>\n\t\t\t\t\t\t\t<\/div>\n\t\t","protected":false},"excerpt":{"rendered":"<p>Let us manufacture your career plan<\/p>\n","protected":false},"author":1,"featured_media":0,"parent":0,"menu_order":0,"comment_status":"closed","ping_status":"closed","template":"elementor_header_footer","meta":{"footnotes":""},"class_list":["post-1693","page","type-page","status-publish","hentry"],"_links":{"self":[{"href":"https:\/\/www.recruitmentsolutions.be\/nl\/wp-json\/wp\/v2\/pages\/1693","targetHints":{"allow":["GET"]}}],"collection":[{"href":"https:\/\/www.recruitmentsolutions.be\/nl\/wp-json\/wp\/v2\/pages"}],"about":[{"href":"https:\/\/www.recruitmentsolutions.be\/nl\/wp-json\/wp\/v2\/types\/page"}],"author":[{"embeddable":true,"href":"https:\/\/www.recruitmentsolutions.be\/nl\/wp-json\/wp\/v2\/users\/1"}],"replies":[{"embeddable":true,"href":"https:\/\/www.recruitmentsolutions.be\/nl\/wp-json\/wp\/v2\/comments?post=1693"}],"version-history":[{"count":11,"href":"https:\/\/www.recruitmentsolutions.be\/nl\/wp-json\/wp\/v2\/pages\/1693\/revisions"}],"predecessor-version":[{"id":1826,"href":"https:\/\/www.recruitmentsolutions.be\/nl\/wp-json\/wp\/v2\/pages\/1693\/revisions\/1826"}],"wp:attachment":[{"href":"https:\/\/www.recruitmentsolutions.be\/nl\/wp-json\/wp\/v2\/media?parent=1693"}],"curies":[{"name":"wp","href":"https:\/\/api.w.org\/{rel}","templated":true}]}}